{"id":1851,"date":"2023-12-13T14:05:21","date_gmt":"2023-12-13T14:05:21","guid":{"rendered":"https:\/\/staging.moonspring.ch\/?page_id=1851"},"modified":"2024-10-03T15:43:41","modified_gmt":"2024-10-03T14:43:41","slug":"shop","status":"publish","type":"page","link":"https:\/\/planetmoonspring.com\/ro\/shop\/","title":{"rendered":"Ob\u021bine\u021bi-o aici"},"content":{"rendered":"<div data-elementor-type=\"wp-page\" data-elementor-id=\"1851\" class=\"elementor elementor-1851\" data-elementor-post-type=\"page\">\n\t\t\t\t<div class=\"elementor-element elementor-element-dcdc6e7 e-flex e-con-boxed e-con e-parent\" data-id=\"dcdc6e7\" data-element_type=\"container\">\n\t\t\t\t\t<div class=\"e-con-inner\">\n\t\t\t\t<div class=\"elementor-element elementor-element-5bc1df8 elementor-widget elementor-widget-heading\" data-id=\"5bc1df8\" data-element_type=\"widget\" data-widget_type=\"heading.default\">\n\t\t\t\t<div class=\"elementor-widget-container\">\n\t\t\t<h1 class=\"elementor-heading-title elementor-size-default\">GET IT HERE<\/h1>\t\t<\/div>\n\t\t\t\t<\/div>\n\t\t\t\t<div class=\"elementor-element elementor-element-c734ea2 e-n-tabs-none elementor-widget elementor-widget-n-tabs\" data-id=\"c734ea2\" data-element_type=\"widget\" data-settings=\"{&quot;tabs_justify_horizontal&quot;:&quot;center&quot;,&quot;horizontal_scroll&quot;:&quot;disable&quot;}\" data-widget_type=\"nested-tabs.default\">\n\t\t\t\t<div class=\"elementor-widget-container\">\n\t\t\t<style>.elementor-element-c734ea2{display:none !important}<\/style>\t\t<\/div>\n\t\t\t\t<\/div>\n\t\t<div class=\"elementor-element elementor-element-a5398f0 e-con-full e-flex e-con e-child\" data-id=\"a5398f0\" data-element_type=\"container\">\n\t\t\t\t<div class=\"elementor-element elementor-element-6aa140c elementor-widget elementor-widget-text-editor\" data-id=\"6aa140c\" data-element_type=\"widget\" data-widget_type=\"text-editor.default\">\n\t\t\t\t<div class=\"elementor-widget-container\">\n\t\t\t\t\t\t\t<p>Face\u021bi clic pe el pentru a g\u0103si un magazin \u00een apropierea dvs.<\/p>\t\t\t\t\t\t<\/div>\n\t\t\t\t<\/div>\n\t\t\t\t<div class=\"elementor-element elementor-element-0b968b8 elementor-widget elementor-widget-image\" data-id=\"0b968b8\" data-element_type=\"widget\" data-no-translation=\"\" data-widget_type=\"image.default\">\n\t\t\t\t<div class=\"elementor-widget-container\">\n\t\t\t<style>.elementor-element-0b968b8{display:none !important}<\/style>\t\t<\/div>\n\t\t\t\t<\/div>\n\t\t\t\t<div class=\"elementor-element elementor-element-baffe49 elementor-widget elementor-widget-image\" data-id=\"baffe49\" data-element_type=\"widget\" data-no-translation=\"\" data-widget_type=\"image.default\">\n\t\t\t\t<div class=\"elementor-widget-container\">\n\t\t\t\t\t\t\t\t\t\t\t\t\t\t<a href=\"https:\/\/www.lagardere-tr.ro\/ro\/1-minute\" target=\"_blank\">\n\t\t\t\t\t\t\t<img fetchpriority=\"high\" decoding=\"async\" width=\"800\" height=\"534\" src=\"https:\/\/planetmoonspring.com\/wp-content\/uploads\/2024\/10\/1minute-black-logo-01-1024x683.png\" class=\"elementor-animation-pop attachment-large size-large wp-image-6732\" alt=\"\" srcset=\"https:\/\/planetmoonspring.com\/wp-content\/uploads\/2024\/10\/1minute-black-logo-01-1024x683.png 1024w, https:\/\/planetmoonspring.com\/wp-content\/uploads\/2024\/10\/1minute-black-logo-01-300x200.png 300w, https:\/\/planetmoonspring.com\/wp-content\/uploads\/2024\/10\/1minute-black-logo-01-768x512.png 768w, https:\/\/planetmoonspring.com\/wp-content\/uploads\/2024\/10\/1minute-black-logo-01-1536x1025.png 1536w, https:\/\/planetmoonspring.com\/wp-content\/uploads\/2024\/10\/1minute-black-logo-01-18x12.png 18w, https:\/\/planetmoonspring.com\/wp-content\/uploads\/2024\/10\/1minute-black-logo-01.png 1772w\" sizes=\"(max-width: 800px) 100vw, 800px\" \/>\t\t\t\t\t\t\t\t<\/a>\n\t\t\t\t\t\t\t\t\t\t\t\t\t<\/div>\n\t\t\t\t<\/div>\n\t\t\t\t<\/div>\n\t\t\t\t\t<\/div>\n\t\t\t\t<\/div>\n\t\t\t\t<\/div>","protected":false},"excerpt":{"rendered":"<p>AICI Click pe el pentru a g\u0103si un magazin \u00een apropierea ta Click pe el pentru a g\u0103si un magazin \u00een apropierea ta<\/p>","protected":false},"author":4,"featured_media":6425,"parent":0,"menu_order":0,"comment_status":"closed","ping_status":"closed","template":"","meta":{"footnotes":""},"class_list":["post-1851","page","type-page","status-publish","has-post-thumbnail","hentry"],"_links":{"self":[{"href":"https:\/\/planetmoonspring.com\/ro\/wp-json\/wp\/v2\/pages\/1851"}],"collection":[{"href":"https:\/\/planetmoonspring.com\/ro\/wp-json\/wp\/v2\/pages"}],"about":[{"href":"https:\/\/planetmoonspring.com\/ro\/wp-json\/wp\/v2\/types\/page"}],"author":[{"embeddable":true,"href":"https:\/\/planetmoonspring.com\/ro\/wp-json\/wp\/v2\/users\/4"}],"replies":[{"embeddable":true,"href":"https:\/\/planetmoonspring.com\/ro\/wp-json\/wp\/v2\/comments?post=1851"}],"version-history":[{"count":376,"href":"https:\/\/planetmoonspring.com\/ro\/wp-json\/wp\/v2\/pages\/1851\/revisions"}],"predecessor-version":[{"id":6754,"href":"https:\/\/planetmoonspring.com\/ro\/wp-json\/wp\/v2\/pages\/1851\/revisions\/6754"}],"wp:featuredmedia":[{"embeddable":true,"href":"https:\/\/planetmoonspring.com\/ro\/wp-json\/wp\/v2\/media\/6425"}],"wp:attachment":[{"href":"https:\/\/planetmoonspring.com\/ro\/wp-json\/wp\/v2\/media?parent=1851"}],"curies":[{"name":"wp","href":"https:\/\/api.w.org\/{rel}","templated":true}]}}